{"id":166,"date":"2026-02-14T11:14:28","date_gmt":"2026-02-14T11:14:28","guid":{"rendered":"https:\/\/hippotool.com\/?page_id=166"},"modified":"2026-04-03T06:14:44","modified_gmt":"2026-04-03T06:14:44","slug":"all-tools","status":"publish","type":"page","link":"https:\/\/hippotool.com\/fr\/all-tools\/","title":{"rendered":"Nos outils vedettes"},"content":{"rendered":"<style>.kadence-column166_8b0a94-da > .kt-inside-inner-col,.kadence-column166_8b0a94-da > .kt-inside-inner-col:before{border-top-left-radius:0px;border-top-right-radius:0px;border-bottom-right-radius:0px;border-bottom-left-radius:0px;}.kadence-column166_8b0a94-da > .kt-inside-inner-col{column-gap:var(--global-kb-gap-sm, 1rem);}.kadence-column166_8b0a94-da > .kt-inside-inner-col{flex-direction:column;}.kadence-column166_8b0a94-da > .kt-inside-inner-col > .aligncenter{width:100%;}.kadence-column166_8b0a94-da > .kt-inside-inner-col:before{opacity:0.3;}.kadence-column166_8b0a94-da{position:relative;}@media all and (max-width: 1024px){.kadence-column166_8b0a94-da > .kt-inside-inner-col{flex-direction:column;justify-content:center;}}@media all and (max-width: 767px){.kadence-column166_8b0a94-da > .kt-inside-inner-col{flex-direction:column;justify-content:center;}}<\/style>\n<div class=\"wp-block-kadence-column kadence-column166_8b0a94-da\"><div class=\"kt-inside-inner-col\">\n<style>\n\/* === All Tools Section === *\/\n\n.all-tools-page {\n  min-height: 100vh;\n  margin: 0;\n  padding: 40px 20px;\n  box-sizing: border-box;\n  background: #f9fafc;\n  font-family: -apple-system, BlinkMacSystemFont, \"Segoe UI\", Roboto, sans-serif;\n}\n\n.all-tools-inner {\n  max-width: 1100px;\n  margin: 0 auto;\n  text-align: center;\n}\n\n.all-tools-heading {\n  font-size: 2.4rem;\n  font-weight: 700;\n  color: #111827;\n  margin-bottom: 30px;\n}\n\n\/* Vertical stacked boxes *\/\n\n.tool-box {\n  position: relative;\n  background: linear-gradient(180deg, #f7f4ff 0%, #ffffff 100%);\n  border-radius: 20px;\n  padding: 40px 30px 32px;\n  margin-bottom: 25px;\n  box-shadow: 0 18px 50px rgba(15, 23, 42, 0.08);\n  display: flex;\n  flex-direction: column;\n  align-items: flex-start;\n  overflow: hidden;\n}\n\n\/* Icon circle *\/\n\n.tool-icon {\n  width: 64px;\n  height: 64px;\n  border-radius: 20px;\n  background: rgba(129, 140, 248, 0.1);\n  display: flex;\n  align-items: center;\n  justify-content: center;\n  margin-bottom: 22px;\n}\n\n.tool-icon span {\n  font-size: 32px;\n  color: #7c3aed;\n}\n\n\/* Text content *\/\n\n.tool-title {\n  font-size: 1.5rem;\n  font-weight: 700;\n  color: #111827;\n  margin-bottom: 10px;\n}\n\n.tool-description {\n  font-size: 0.98rem;\n  line-height: 1.6;\n  color: #4b5563;\n  max-width: 640px;\n  margin-bottom: 24px;\n}\n\n\/* Button *\/\n\n.tool-button {\n  display: inline-flex;\n  align-items: center;\n  justify-content: center;\n  padding: 12px 26px;\n  border-radius: 999px;\n  border: none;\n  cursor: pointer;\n  font-size: 0.98rem;\n  font-weight: 600;\n  text-decoration: none;\n  transition: all 0.18s ease-in-out;\n}\n\n.tool-button.yellow {\n  background: #facc15;\n  color: #1f2933;\n  box-shadow: 0 10px 25px rgba(250, 204, 21, 0.45);\n}\n\n.tool-button.yellow:hover {\n  background: #eab308;\n  transform: translateY(-1px);\n  box-shadow: 0 14px 30px rgba(250, 204, 21, 0.55);\n}\n\n.tool-button.purple {\n  background: #e0d7ff;\n  color: #4c1d95;\n  box-shadow: 0 10px 25px rgba(129, 140, 248, 0.3);\n}\n\n.tool-button.purple:hover {\n  background: #c4b5fd;\n  transform: translateY(-1px);\n}\n\n\/* Responsive tweaks *\/\n\n@media (min-width: 768px) {\n  .all-tools-page {\n    padding: 60px 24px;\n  }\n\n  .tool-box {\n    padding: 48px 40px 36px;\n  }\n\n  .tool-title {\n    font-size: 1.7rem;\n  }\n}\n<\/style>\n\n<section class=\"all-tools-page\">\n  <div class=\"all-tools-inner\">\n    <h2 class=\"all-tools-heading\">Nos outils vedettes<\/h2>\n\n    <!-- Word & Puzzle Tools -->\n    <div class=\"tool-box\">\n      <div class=\"tool-icon\">\n        <span>\ud83e\udde9<\/span>\n      <\/div>\n      <h3 class=\"tool-title\">Outils de mots et de puzzles<\/h3>\n      <p class=\"tool-description\">\n        Un outil de r\u00e9solution d&#039;anagrammes, une aide pour les concours d&#039;orthographe et un d\u00e9codeur de mots pour am\u00e9liorer vos jeux de mots, vos puzzles et votre pratique du vocabulaire.\n      <\/p>\n      <a class=\"tool-button yellow\" href=\"https:\/\/hippotool.com\/fr\/word-puzzle-tools\/\">\n        Outils Word ouverts\n      <\/a>\n    <\/div>\n\n    <!-- Image & File Tools -->\n    <div class=\"tool-box\">\n      <div class=\"tool-icon\">\n        <span>\ud83d\uddbc\ufe0f<\/span>\n      <\/div>\n      <h3 class=\"tool-title\">Outils d&#039;image et de fichier<\/h3>\n      <p class=\"tool-description\">\n        Des convertisseurs d&#039;images rapides, des redimensionneurs et des correcteurs de format pour pr\u00e9parer vos fichiers pour le web, les r\u00e9seaux sociaux ou les documents, sans logiciel lourd.\n      <\/p>\n      <a class=\"tool-button yellow\" href=\"https:\/\/images.hippotool.com\/fr\">\n        Outil d&#039;ouverture d&#039;images\n      <\/a>\n    <\/div>\n\n    <!-- Developer & Tech Utilities -->\n    <div class=\"tool-box\">\n      <div class=\"tool-icon\">\n        <span>&lt;\/&gt;<\/span>\n      <\/div>\n      <h3 class=\"tool-title\">D\u00e9veloppeurs et services technologiques<\/h3>\n      <p class=\"tool-description\">\n        Petits outils pour les d\u00e9veloppeurs et les utilisateurs avanc\u00e9s\u00a0: encodeurs, d\u00e9codeurs, convertisseurs de format, g\u00e9n\u00e9rateurs, et plus encore.\n      <\/p>\n      <a class=\"tool-button yellow\" href=\"https:\/\/frontend.hippotool.com\/\">\n        Terrain de jeu ouvert pour l&#039;interface utilisateur\n      <\/a>\n    <\/div>\n\n    <!-- Construction & Asphalt Tools -->\n    <div class=\"tool-box\">\n      <div class=\"tool-icon\">\n        <span>\ud83d\udea7<\/span>\n      <\/div>\n      <h3 class=\"tool-title\">Construction &amp; Asphalt Tools<\/h3>\n      <p class=\"tool-description\">\n        Practical calculators and planning tools for asphalt and paving work, helping you estimate materials, coverage, tonnage, and project costs with less guesswork.\n      <\/p>\n      <a class=\"tool-button yellow\" href=\"https:\/\/asphalt.hippotool.com\/\">\n        Open asphalt tools\n      <\/a>\n    <\/div>\n\n  <\/div>\n<\/section>\n<\/div><\/div>\n\n\n\n<p><\/p>","protected":false},"excerpt":{"rendered":"<p>Our Featured Tools \ud83e\udde9 Word &amp; Puzzle Tools Anagram solver, Spelling Bee helper, and word unscrambler to boost your word games, puzzles, and vocabulary practice. Open word tools \ud83d\uddbc\ufe0f Image &amp; File Tools Quick image converters, resizers, and format fixers to get your files ready for the web, social media, or documents&mdash;without heavy software. Open&#8230;<\/p>","protected":false},"author":1,"featured_media":0,"parent":0,"menu_order":0,"comment_status":"closed","ping_status":"closed","template":"","meta":{"_kad_blocks_custom_css":"","_kad_blocks_head_custom_js":"","_kad_blocks_body_custom_js":"","_kad_blocks_footer_custom_js":"","_kad_post_transparent":"disable","_kad_post_title":"hide","_kad_post_layout":"fullwidth","_kad_post_sidebar_id":"","_kad_post_content_style":"unboxed","_kad_post_vertical_padding":"hide","_kad_post_feature":"hide","_kad_post_feature_position":"","_kad_post_header":false,"_kad_post_footer":false,"_kad_post_classname":"","footnotes":""},"class_list":["post-166","page","type-page","status-publish","hentry"],"taxonomy_info":[],"featured_image_src_large":false,"author_info":{"display_name":"A.Malik","author_link":"https:\/\/hippotool.com\/fr\/author\/abdullah410malikgmail-com\/"},"comment_info":0,"_hostinger_reach_plugin_has_subscription_block":false,"_hostinger_reach_plugin_is_elementor":false,"_links":{"self":[{"href":"https:\/\/hippotool.com\/fr\/wp-json\/wp\/v2\/pages\/166","targetHints":{"allow":["GET"]}}],"collection":[{"href":"https:\/\/hippotool.com\/fr\/wp-json\/wp\/v2\/pages"}],"about":[{"href":"https:\/\/hippotool.com\/fr\/wp-json\/wp\/v2\/types\/page"}],"author":[{"embeddable":true,"href":"https:\/\/hippotool.com\/fr\/wp-json\/wp\/v2\/users\/1"}],"replies":[{"embeddable":true,"href":"https:\/\/hippotool.com\/fr\/wp-json\/wp\/v2\/comments?post=166"}],"version-history":[{"count":5,"href":"https:\/\/hippotool.com\/fr\/wp-json\/wp\/v2\/pages\/166\/revisions"}],"predecessor-version":[{"id":287,"href":"https:\/\/hippotool.com\/fr\/wp-json\/wp\/v2\/pages\/166\/revisions\/287"}],"wp:attachment":[{"href":"https:\/\/hippotool.com\/fr\/wp-json\/wp\/v2\/media?parent=166"}],"curies":[{"name":"wp","href":"https:\/\/api.w.org\/{rel}","templated":true}]}}