{"id":74,"date":"2025-12-04T15:17:17","date_gmt":"2025-12-04T15:17:17","guid":{"rendered":"https:\/\/hippotool.com\/?page_id=74"},"modified":"2026-03-09T07:35:02","modified_gmt":"2026-03-09T07:35:02","slug":"about-hippo-tool","status":"publish","type":"page","link":"https:\/\/hippotool.com\/fr\/about-hippo-tool\/","title":{"rendered":"About Hippo Tool"},"content":{"rendered":"<style>.kadence-column74_61cf69-0f > .kt-inside-inner-col,.kadence-column74_61cf69-0f > .kt-inside-inner-col:before{border-top-left-radius:0px;border-top-right-radius:0px;border-bottom-right-radius:0px;border-bottom-left-radius:0px;}.kadence-column74_61cf69-0f > .kt-inside-inner-col{column-gap:var(--global-kb-gap-sm, 1rem);}.kadence-column74_61cf69-0f > .kt-inside-inner-col{flex-direction:column;}.kadence-column74_61cf69-0f > .kt-inside-inner-col > .aligncenter{width:100%;}.kadence-column74_61cf69-0f > .kt-inside-inner-col:before{opacity:0.3;}.kadence-column74_61cf69-0f{position:relative;}@media all and (max-width: 1024px){.kadence-column74_61cf69-0f > .kt-inside-inner-col{flex-direction:column;justify-content:center;}}@media all and (max-width: 767px){.kadence-column74_61cf69-0f > .kt-inside-inner-col{flex-direction:column;justify-content:center;}}<\/style>\n<div class=\"wp-block-kadence-column kadence-column74_61cf69-0f\"><div class=\"kt-inside-inner-col\">\n<style>\n    .hippo-about-wrapper {\n        max-width: 900px;\n        margin: 0 auto;\n        padding: 60px 20px;\n        font-family: 'Inter', sans-serif;\n        color: #1b1b1b;\n        line-height: 1.7;\n    }\n\n    .hippo-about-wrapper h1 {\n        font-size: 42px;\n        font-weight: 700;\n        margin-bottom: 15px;\n        color: #0d2b4d; \/* Deep blue like your theme *\/\n    }\n\n    .hippo-about-wrapper h2 {\n        font-size: 28px;\n        font-weight: 700;\n        margin-top: 40px;\n        margin-bottom: 10px;\n        color: #0d2b4d;\n    }\n\n    .hippo-about-wrapper p {\n        font-size: 18px;\n        margin-bottom: 18px;\n    }\n\n    .hippo-about-list {\n        margin: 0;\n        padding-left: 20px;\n    }\n\n    .hippo-about-list li {\n        margin-bottom: 10px;\n        font-size: 18px;\n    }\n\n    .hippo-btn-area {\n        margin-top: 40px;\n        display: flex;\n        gap: 20px;\n        flex-wrap: wrap;\n    }\n\n    .hippo-btn {\n        padding: 12px 24px;\n        background-color: #f9c613;\n        color: #000;\n        font-weight: 600;\n        border-radius: 50px;\n        text-decoration: none;\n        display: inline-block;\n        transition: 0.2s ease;\n    }\n\n    .hippo-btn:hover {\n        background-color: #e0b010;\n    }\n\n    .hippo-secondary-btn {\n        padding: 12px 24px;\n        background-color: #e9eef5;\n        color: #0d2b4d;\n        font-weight: 600;\n        border-radius: 50px;\n        text-decoration: none;\n        display: inline-block;\n        transition: 0.2s ease;\n    }\n\n    .hippo-secondary-btn:hover {\n        background-color: #d3dce8;\n    }\n\n    \/* Mobile *\/\n    @media (max-width: 600px) {\n        .hippo-about-wrapper h1 {\n            font-size: 34px;\n        }\n        .hippo-about-wrapper h2 {\n            font-size: 24px;\n        }\n        .hippo-about-wrapper p, \n        .hippo-about-list li {\n            font-size: 17px;\n        }\n    }\n<\/style>\n\n\n<div class=\"hippo-about-wrapper\">\n\n    <h1>\u00c0 propos d&#039;Hippo Tools<\/h1>\n\n    <p><strong>Outils Hippo<\/strong> est un petit projet ind\u00e9pendant d\u00e9di\u00e9 \u00e0 la cr\u00e9ation d&#039;outils en ligne simples pour r\u00e9soudre les probl\u00e8mes techniques du quotidien. Tout est con\u00e7u pour \u00eatre rapide, \u00e9pur\u00e9 et facile \u00e0 utiliser pour tous\u00a0: pas d&#039;inscription, pas de configuration compliqu\u00e9e et pas de fonctionnalit\u00e9s superflues. Chaque outil fonctionne directement dans votre navigateur, que vous soyez sur t\u00e9l\u00e9phone, tablette ou ordinateur.<\/p>\n\n\n    <h2>Pourquoi Hippo Tools existe-t-il ?<\/h2>\n    <p>La plupart des gens recherchent des solutions rapides\u00a0: nettoyer un fichier, r\u00e9soudre un jeu de mots, redimensionner une image ou r\u00e9gler un petit probl\u00e8me technique sans avoir \u00e0 t\u00e9l\u00e9charger de logiciel lourd. Hippo Tools a \u00e9t\u00e9 cr\u00e9\u00e9 pour offrir une suite conviviale d\u2019utilitaires web qui s\u2019ouvrent instantan\u00e9ment, sont clairs et simplifient les t\u00e2ches quotidiennes.<\/p>\n\n\n    <h2>Ce que vous pouvez faire ici<\/h2>\n    <ul class=\"hippo-about-list\">\n        <li>Utilisez des outils d&#039;aide aux mots et aux \u00e9nigmes comme les solveurs d&#039;anagrammes, les assistants pour les concours d&#039;orthographe et les d\u00e9codeurs de mots.<\/li>\n        <li>Convertissez et redimensionnez des images ou r\u00e9parez les probl\u00e8mes courants de format de fichier \u00e0 l&#039;aide d&#039;utilitaires l\u00e9gers, int\u00e9gr\u00e9s au navigateur.<\/li>\n        <li>Explorez les outils techniques (encodeurs, d\u00e9codeurs, convertisseurs et g\u00e9n\u00e9rateurs) au fur et \u00e0 mesure que de nouveaux outils sont ajout\u00e9s.<\/li>\n    <\/ul>\n\n    <p>Chaque outil est volontairement minimaliste et ax\u00e9 sur une seule t\u00e2che, afin que chacun puisse obtenir des r\u00e9sultats en quelques clics.<\/p>\n\n\n    <h2>Comment Hippo Tools est construit<\/h2>\n    <p>Hippo Tools fonctionne comme un ensemble de petites applications web et de sous-domaines connect\u00e9s \u00e0 un site WordPress central. Le site principal h\u00e9berge les guides, les explications et les mises \u00e0 jour, tandis que chaque outil reste l\u00e9ger et rapide. Cette architecture garantit la transparence, une documentation claire et une exp\u00e9rience utilisateur optimale sur tous les appareils.<\/p>\n\n\n    <h2>Confidentialit\u00e9, confiance et transparence<\/h2>\n    <p>Hippo Tools adopte une approche centr\u00e9e sur l&#039;humain et align\u00e9e sur le mod\u00e8le EEAT, ax\u00e9e sur la clart\u00e9 et la confiance des utilisateurs\u00a0:<\/p>\n\n    <ul class=\"hippo-about-list\">\n        <li>Les outils ne demandent que les donn\u00e9es n\u00e9cessaires \u00e0 leur t\u00e2che sp\u00e9cifique.<\/li>\n        <li>Le traitement est effectu\u00e9 dans votre navigateur chaque fois que cela est possible.<\/li>\n        <li>Aucun compte n&#039;est requis pour utiliser les outils.<\/li>\n        <li>Chaque outil explique clairement son fonctionnement et ses limites.<\/li>\n    <\/ul>\n\n    <p>L\u2019objectif est simple\u00a0: fiabilit\u00e9, s\u00e9curit\u00e9 et assurance aux utilisateurs que leurs donn\u00e9es restent pleinement sous leur contr\u00f4le.<\/p>\n\n\n    <h2>Explorez davantage<\/h2>\n\n    <div class=\"hippo-btn-area\">\n        <a href=\"https:\/\/hippotool.com\/fr\/all-tools\/\" class=\"hippo-btn\">Parcourir tous les outils<\/a>\n        <a href=\"https:\/\/hippotool.com\/blog-page\/\" class=\"hippo-secondary-btn\">Lire le blog<\/a>\n        <a href=\"https:\/\/hippotool.com\/fr\/contact-us\/\" class=\"hippo-secondary-btn\">Contact et commentaires<\/a>\n    <\/div>\n\n<\/div>\n<\/div><\/div>","protected":false},"excerpt":{"rendered":"<p>About Hippo Tools Hippo Tools is a small, independent project dedicated to creating simple online tools that solve everyday tech problems. Everything is designed to be fast, clutter-free, and easy for anyone to use\u2014no sign-ups, no complicated setup, and no unnecessary features. Each tool works directly in your browser, whether you&#8217;re on a phone, tablet,&#8230;<\/p>","protected":false},"author":1,"featured_media":0,"parent":0,"menu_order":0,"comment_status":"closed","ping_status":"closed","template":"","meta":{"_kad_blocks_custom_css":"","_kad_blocks_head_custom_js":"","_kad_blocks_body_custom_js":"","_kad_blocks_footer_custom_js":"","_kad_post_transparent":"disable","_kad_post_title":"hide","_kad_post_layout":"","_kad_post_sidebar_id":"","_kad_post_content_style":"unboxed","_kad_post_vertical_padding":"","_kad_post_feature":"hide","_kad_post_feature_position":"","_kad_post_header":false,"_kad_post_footer":false,"_kad_post_classname":"","footnotes":""},"class_list":["post-74","page","type-page","status-publish","hentry"],"taxonomy_info":[],"featured_image_src_large":false,"author_info":{"display_name":"A.Malik","author_link":"https:\/\/hippotool.com\/fr\/author\/abdullah410malikgmail-com\/"},"comment_info":0,"_hostinger_reach_plugin_has_subscription_block":false,"_hostinger_reach_plugin_is_elementor":false,"_links":{"self":[{"href":"https:\/\/hippotool.com\/fr\/wp-json\/wp\/v2\/pages\/74","targetHints":{"allow":["GET"]}}],"collection":[{"href":"https:\/\/hippotool.com\/fr\/wp-json\/wp\/v2\/pages"}],"about":[{"href":"https:\/\/hippotool.com\/fr\/wp-json\/wp\/v2\/types\/page"}],"author":[{"embeddable":true,"href":"https:\/\/hippotool.com\/fr\/wp-json\/wp\/v2\/users\/1"}],"replies":[{"embeddable":true,"href":"https:\/\/hippotool.com\/fr\/wp-json\/wp\/v2\/comments?post=74"}],"version-history":[{"count":9,"href":"https:\/\/hippotool.com\/fr\/wp-json\/wp\/v2\/pages\/74\/revisions"}],"predecessor-version":[{"id":234,"href":"https:\/\/hippotool.com\/fr\/wp-json\/wp\/v2\/pages\/74\/revisions\/234"}],"wp:attachment":[{"href":"https:\/\/hippotool.com\/fr\/wp-json\/wp\/v2\/media?parent=74"}],"curies":[{"name":"wp","href":"https:\/\/api.w.org\/{rel}","templated":true}]}}