{"id":99,"date":"2025-12-04T13:13:45","date_gmt":"2025-12-04T13:13:45","guid":{"rendered":"https:\/\/hippotool.com\/?page_id=99"},"modified":"2025-12-04T13:13:46","modified_gmt":"2025-12-04T13:13:46","slug":"word-puzzle-tools","status":"publish","type":"page","link":"https:\/\/hippotool.com\/fr\/word-puzzle-tools\/","title":{"rendered":"Outils de mots et de puzzles"},"content":{"rendered":"<style>.kadence-column99_fda18a-68 > .kt-inside-inner-col,.kadence-column99_fda18a-68 > .kt-inside-inner-col:before{border-top-left-radius:0px;border-top-right-radius:0px;border-bottom-right-radius:0px;border-bottom-left-radius:0px;}.kadence-column99_fda18a-68 > .kt-inside-inner-col{column-gap:var(--global-kb-gap-sm, 1rem);}.kadence-column99_fda18a-68 > .kt-inside-inner-col{flex-direction:column;}.kadence-column99_fda18a-68 > .kt-inside-inner-col > .aligncenter{width:100%;}.kadence-column99_fda18a-68 > .kt-inside-inner-col:before{opacity:0.3;}.kadence-column99_fda18a-68{position:relative;}@media all and (max-width: 1024px){.kadence-column99_fda18a-68 > .kt-inside-inner-col{flex-direction:column;justify-content:center;}}@media all and (max-width: 767px){.kadence-column99_fda18a-68 > .kt-inside-inner-col{flex-direction:column;justify-content:center;}}<\/style>\n<div class=\"wp-block-kadence-column kadence-column99_fda18a-68\"><div class=\"kt-inside-inner-col\"><style>.kadence-column99_0bbc31-09 > .kt-inside-inner-col,.kadence-column99_0bbc31-09 > .kt-inside-inner-col:before{border-top-left-radius:0px;border-top-right-radius:0px;border-bottom-right-radius:0px;border-bottom-left-radius:0px;}.kadence-column99_0bbc31-09 > .kt-inside-inner-col{column-gap:var(--global-kb-gap-sm, 1rem);}.kadence-column99_0bbc31-09 > .kt-inside-inner-col{flex-direction:column;}.kadence-column99_0bbc31-09 > .kt-inside-inner-col > .aligncenter{width:100%;}.kadence-column99_0bbc31-09 > .kt-inside-inner-col:before{opacity:0.3;}.kadence-column99_0bbc31-09{position:relative;}@media all and (max-width: 1024px){.kadence-column99_0bbc31-09 > .kt-inside-inner-col{flex-direction:column;justify-content:center;}}@media all and (max-width: 767px){.kadence-column99_0bbc31-09 > .kt-inside-inner-col{flex-direction:column;justify-content:center;}}<\/style>\n<div class=\"wp-block-kadence-column kadence-column99_0bbc31-09\"><div class=\"kt-inside-inner-col\">\n<!DOCTYPE html>\n<html lang=\"en\">\n<head>\n<meta charset=\"UTF-8\">\n<meta name=\"viewport\" content=\"width=device-width, initial-scale=1.0\">\n<title>Word &#038; Puzzle Tools | Hippo Tools<\/title>\n<meta name=\"description\" content=\"Explore fast, clean, and spoiler-controlled word &#038; puzzle tools from Hippo Tools. Includes Spelling Bee Solver, Anagram Solver, and Word Unscrambler\u2014built for word-game lovers who want simple, powerful helpers.\">\n<style>\n    body {\n        font-family: \"Inter\", Arial, sans-serif;\n        background: #f8f9ff;\n        margin: 0;\n        padding: 0;\n        color: #333;\n        line-height: 1.65;\n    }\n\n    .container {\n        max-width: 880px;\n        margin: auto;\n        padding: 40px 20px;\n    }\n\n    h1, h2 {\n        text-align: center;\n        font-weight: 700;\n        color: #2d2e8f;\n    }\n\n    p {\n        margin-bottom: 20px;\n        font-size: 1.05rem;\n    }\n\n    .section {\n        margin: 50px 0;\n    }\n\n    .tool-card {\n        background: #ffffff;\n        padding: 28px;\n        margin: 32px 0;\n        border-radius: 18px;\n        box-shadow: 0 6px 20px rgba(0,0,0,0.07);\n        transition: transform .2s;\n    }\n\n    .tool-card:hover {\n        transform: translateY(-3px);\n    }\n\n    .tool-title {\n        font-size: 1.7rem;\n        margin-bottom: 10px;\n        color: #252673;\n        font-weight: 700;\n    }\n\n    .tool-btn {\n        display: inline-block;\n        margin-top: 16px;\n        padding: 12px 22px;\n        border-radius: 50px;\n        text-decoration: none;\n        background: #4a4be5;\n        color: #fff;\n        font-weight: 600;\n        transition: background .2s;\n    }\n\n    .tool-btn:hover {\n        background: #3739cc;\n    }\n\n    .subtitle {\n        text-align: center;\n        font-size: 1.2rem;\n        color: #444;\n        max-width: 700px;\n        margin: 10px auto 40px;\n    }\n<\/style>\n<\/head>\n<body>\n\n<div class=\"container\">\n\n    <h1>Outils de mots et de puzzles<\/h1>\n    <p class=\"subtitle\">Des outils clairs, rapides et sans spoilers, con\u00e7us pour les joueurs qui aiment les jeux de mots mais d\u00e9testent les sites d&#039;aide encombrants.<\/p>\n\n    <p>\n        Que vous cherchiez \u00e0 obtenir un meilleur score dans un jeu d&#039;orthographe de type Spelling Bee, \u00e0 d\u00e9chiffrer un anagramme difficile ou \u00e0 r\u00e9soudre un mot m\u00e9lang\u00e9 dans Scrabble ou Wordle, Hippo Tools vous offre des outils simples et \u00e9pur\u00e9s qui se chargent instantan\u00e9ment et vous permettent de rester concentr\u00e9 sur le jeu.\n    <\/p>\n\n\n    <!-- ANAGRAM SOLVER -->\n    <div class=\"tool-card\">\n        <div class=\"tool-title\">Solveur d&#039;anagrammes<\/div>\n        <p>\n            Saisissez des lettres et d\u00e9couvrez instantan\u00e9ment tous les mots valides que vous pouvez former, class\u00e9s par longueur, difficult\u00e9 et utilit\u00e9 pour les jeux de mots populaires. Id\u00e9al pour r\u00e9soudre des anagrammes, trouver des mots cach\u00e9s dans des phrases ou explorer des listes de mots pour cr\u00e9er des mots crois\u00e9s et des puzzles.\n        <\/p>\n        <a class=\"tool-btn\" href=\"https:\/\/anagram.hippotool.com\" target=\"_blank\">Solveur d&#039;anagrammes ouvert<\/a>\n    <\/div>\n\n\n    <!-- SPELLING BEE SOLVER -->\n    <div class=\"tool-card\">\n        <div class=\"tool-title\">R\u00e9solveur de concours d&#039;orthographe<\/div>\n        <p>\n            Une application simple et adapt\u00e9e aux mobiles pour r\u00e9soudre les grilles d&#039;orthographe du New York Times. Saisissez vos sept lettres cl\u00e9s et choisissez des indices ou les r\u00e9ponses compl\u00e8tes, si vous le souhaitez. Rep\u00e9rez les pangrammes, enrichissez votre vocabulaire ou utilisez une aide ponctuelle sans d\u00e9voiler la solution compl\u00e8te.\n        <\/p>\n        <a class=\"tool-btn\" href=\"https:\/\/spellingbee.hippotool.com\" target=\"_blank\">Open Spelling Bee Solver<\/a>\n    <\/div>\n\n\n    <!-- WORD UNSCRAMBLER -->\n    <div class=\"tool-card\">\n        <div class=\"tool-title\">D\u00e9m\u00ealeur de mots<\/div>\n        <p>\n            Transformez des lettres en mots anglais pour compl\u00e9ter des mots crois\u00e9s, des jeux de lettres ou des jeux de soci\u00e9t\u00e9 comme le Scrabble et Words With Friends. Saisissez des lettres (avec des cases vides optionnelles) et obtenez instantan\u00e9ment les mots les plus longs ou les plus rentables correspondant \u00e0 votre grille.\n        <\/p>\n        <a class=\"tool-btn\" href=\"https:\/\/unscrambler.hippotool.com\" target=\"_blank\">D\u00e9codeur de mots ouverts<\/a>\n    <\/div>\n\n\n    <!-- WHO ITS FOR -->\n    <div class=\"section\">\n        <h2>\u00c0 qui s&#039;adressent ces outils ?<\/h2>\n        <p>\n            Les outils d&#039;aide aux mots d&#039;Hippo Tools sont con\u00e7us pour les joueurs occasionnels, les passionn\u00e9s de jeux de mots, les enseignants, les \u00e9crivains et tous ceux qui travaillent avec le langage. Si vous aimez les jeux de mots quotidiens, cr\u00e9er vos propres puzzles ou simplement profiter d&#039;outils rapides et fiables, sans publicit\u00e9, ni interface superflue, cette collection est faite pour vous.\n        <\/p>\n    <\/div>\n\n<\/div>\n\n<\/body>\n<\/html>\n\n<\/div><\/div>\n<\/div><\/div>\n\n\n\n<p><\/p>","protected":false},"excerpt":{"rendered":"<p>Word &#038; Puzzle Tools | Hippo Tools Word &#038; Puzzle Tools Clean, fast, and spoiler-controlled tools built for players who love word games but hate clunky helper sites. Whether you\u2019re chasing a higher score in a Spelling Bee-style puzzle, trying to crack a tough anagram, or stuck on a jumbled word in Scrabble or Wordle,&#8230;<\/p>","protected":false},"author":1,"featured_media":0,"parent":0,"menu_order":0,"comment_status":"closed","ping_status":"closed","template":"","meta":{"_kad_blocks_custom_css":"","_kad_blocks_head_custom_js":"","_kad_blocks_body_custom_js":"","_kad_blocks_footer_custom_js":"","_kad_post_transparent":"disable","_kad_post_title":"hide","_kad_post_layout":"","_kad_post_sidebar_id":"","_kad_post_content_style":"unboxed","_kad_post_vertical_padding":"hide","_kad_post_feature":"hide","_kad_post_feature_position":"","_kad_post_header":false,"_kad_post_footer":false,"_kad_post_classname":"","footnotes":""},"class_list":["post-99","page","type-page","status-publish","hentry"],"taxonomy_info":[],"featured_image_src_large":false,"author_info":{"display_name":"A.Malik","author_link":"https:\/\/hippotool.com\/fr\/author\/abdullah410malikgmail-com\/"},"comment_info":0,"_hostinger_reach_plugin_has_subscription_block":false,"_hostinger_reach_plugin_is_elementor":false,"_links":{"self":[{"href":"https:\/\/hippotool.com\/fr\/wp-json\/wp\/v2\/pages\/99","targetHints":{"allow":["GET"]}}],"collection":[{"href":"https:\/\/hippotool.com\/fr\/wp-json\/wp\/v2\/pages"}],"about":[{"href":"https:\/\/hippotool.com\/fr\/wp-json\/wp\/v2\/types\/page"}],"author":[{"embeddable":true,"href":"https:\/\/hippotool.com\/fr\/wp-json\/wp\/v2\/users\/1"}],"replies":[{"embeddable":true,"href":"https:\/\/hippotool.com\/fr\/wp-json\/wp\/v2\/comments?post=99"}],"version-history":[{"count":1,"href":"https:\/\/hippotool.com\/fr\/wp-json\/wp\/v2\/pages\/99\/revisions"}],"predecessor-version":[{"id":100,"href":"https:\/\/hippotool.com\/fr\/wp-json\/wp\/v2\/pages\/99\/revisions\/100"}],"wp:attachment":[{"href":"https:\/\/hippotool.com\/fr\/wp-json\/wp\/v2\/media?parent=99"}],"curies":[{"name":"wp","href":"https:\/\/api.w.org\/{rel}","templated":true}]}}